{"id":16,"date":"2015-07-29T13:44:44","date_gmt":"2015-07-29T13:44:44","guid":{"rendered":"https:\/\/optimus.qsandbox.com:3443\/app_user\/qsu6361\/site\/prajwol-dailynews.sites.qsandbox.com\/?page_id=4"},"modified":"2026-03-13T17:49:56","modified_gmt":"2026-03-13T17:49:56","slug":"startseite","status":"publish","type":"page","link":"https:\/\/www.rotharia.com\/de\/","title":{"rendered":"Startseite"},"content":{"rendered":"<div class=\"mzb-grid-module mzb-grid-module-bf60e22e mzb-layout-1 mzb-layout-1-style-1\"><div class=\"mzb-post-heading mzb-heading-layout-1 mzb-heading-layout-1-style-1\"><h2 class=\"mzb-heading-text\">Entdecken<\/h2><\/div><div class=\"mzb-posts mzb-layout-1 mzb-layout-1-style-1 mzb-post-col--2 mzb-number-list__default mzb-number-list__with-text\"><div class=\"mzb-post mzb-post-box-border\"><div class=\"mzb-featured-image none\"><a href=\"https:\/\/www.rotharia.com\/de\/wealth-management\/cross-border-wealth\/global-wealth-migration-trends\/\" title=\"Globale Trends der Wohlstandsmigration\"><img decoding=\"async\" src=\"https:\/\/www.rotharia.com\/wp-content\/uploads\/2026\/03\/rotharia_image_20260313_3c3409.jpg\" alt=\"Globale Trends der Wohlstandsmigration\"\/><div class=\"mzb-overlay\"><\/div><\/a><\/div><div class=\"mzb-post-content\"><h6 class=\"mzb-post-title\"><a href=\"https:\/\/www.rotharia.com\/de\/wealth-management\/cross-border-wealth\/global-wealth-migration-trends\/\">Globale Trends der Wohlstandsmigration<\/a><\/h6><div class=\"mzb-post-entry-meta mzb-meta-separator--none\"><span class=\"mzb-post-date\"><svg class=\"mzb-icon mzb-icon--calender\" xmlns=\"http:\/\/www.w3.org\/2000\/svg\" viewbox=\"0 0 14 14\">\n                <path d=\"M1.892 12.929h10.214V5.5H1.892v7.429zm2.786-8.822v-2.09a.226.226 0 00-.066-.166.226.226 0 00-.166-.065H3.98a.226.226 0 00-.167.065.226.226 0 00-.065.167v2.09c0 .067.022.122.065.166.044.044.1.065.167.065h.465a.226.226 0 00.166-.065.226.226 0 00.066-.167zm5.571 0v-2.09a.226.226 0 00-.065-.166.226.226 0 00-.167-.065h-.464a.226.226 0 00-.167.065.226.226 0 00-.065.167v2.09c0 .067.021.122.065.166.043.044.099.065.167.065h.464a.226.226 0 00.167-.065.226.226 0 00.065-.167zm2.786-.464v9.286c0 .251-.092.469-.276.652a.892.892 0 01-.653.276H1.892a.892.892 0 01-.653-.275.892.892 0 01-.276-.653V3.643c0-.252.092-.47.276-.653a.892.892 0 01.653-.276h.929v-.696c0-.32.113-.593.34-.82.228-.227.501-.34.82-.34h.465c.319 0 .592.113.82.34.227.227.34.5.34.82v.696h2.786v-.696c0-.32.114-.593.34-.82.228-.227.501-.34.82-.34h.465c.32 0 .592.113.82.34.227.227.34.5.34.82v.696h.93c.25 0 .468.092.652.276a.892.892 0 01.276.653z\" \/>\n            <\/svg><a href=\"https:\/\/www.rotharia.com\/de\/wealth-management\/cross-border-wealth\/global-wealth-migration-trends\/\">M\u00e4rz 15, 2026<\/a><\/span><\/div><\/div><\/div><div class=\"mzb-post mzb-post-box-border\"><div class=\"mzb-featured-image none\"><a href=\"https:\/\/www.rotharia.com\/de\/wealth-management\/multi-asset-allocation\/green-bonds-in-wealth-management\/\" title=\"Gr\u00fcne Anleihen im Wealth Management\"><img decoding=\"async\" src=\"https:\/\/www.rotharia.com\/wp-content\/uploads\/2026\/03\/rotharia_image_20260313_994b21.jpg\" alt=\"Gr\u00fcne Anleihen im Wealth Management\"\/><div class=\"mzb-overlay\"><\/div><\/a><\/div><div class=\"mzb-post-content\"><h6 class=\"mzb-post-title\"><a href=\"https:\/\/www.rotharia.com\/de\/wealth-management\/multi-asset-allocation\/green-bonds-in-wealth-management\/\">Gr\u00fcne Anleihen im Wealth Management<\/a><\/h6><div class=\"mzb-post-entry-meta mzb-meta-separator--none\"><span class=\"mzb-post-date\"><svg class=\"mzb-icon mzb-icon--calender\" xmlns=\"http:\/\/www.w3.org\/2000\/svg\" viewbox=\"0 0 14 14\">\n                <path d=\"M1.892 12.929h10.214V5.5H1.892v7.429zm2.786-8.822v-2.09a.226.226 0 00-.066-.166.226.226 0 00-.166-.065H3.98a.226.226 0 00-.167.065.226.226 0 00-.065.167v2.09c0 .067.022.122.065.166.044.044.1.065.167.065h.465a.226.226 0 00.166-.065.226.226 0 00.066-.167zm5.571 0v-2.09a.226.226 0 00-.065-.166.226.226 0 00-.167-.065h-.464a.226.226 0 00-.167.065.226.226 0 00-.065.167v2.09c0 .067.021.122.065.166.043.044.099.065.167.065h.464a.226.226 0 00.167-.065.226.226 0 00.065-.167zm2.786-.464v9.286c0 .251-.092.469-.276.652a.892.892 0 01-.653.276H1.892a.892.892 0 01-.653-.275.892.892 0 01-.276-.653V3.643c0-.252.092-.47.276-.653a.892.892 0 01.653-.276h.929v-.696c0-.32.113-.593.34-.82.228-.227.501-.34.82-.34h.465c.319 0 .592.113.82.34.227.227.34.5.34.82v.696h2.786v-.696c0-.32.114-.593.34-.82.228-.227.501-.34.82-.34h.465c.32 0 .592.113.82.34.227.227.34.5.34.82v.696h.93c.25 0 .468.092.652.276a.892.892 0 01.276.653z\" \/>\n            <\/svg><a href=\"https:\/\/www.rotharia.com\/de\/wealth-management\/multi-asset-allocation\/green-bonds-in-wealth-management\/\">M\u00e4rz 15, 2026<\/a><\/span><\/div><\/div><\/div><div class=\"mzb-post mzb-post-box-border\"><div class=\"mzb-featured-image none\"><a href=\"https:\/\/www.rotharia.com\/de\/wealth-management\/global-wealth-planning\/navigating-global-tax-reforms-for-wealth-preservation\/\" title=\"Globale Steuerreformen f\u00fcr den Verm\u00f6genserhalt navigieren\"><img decoding=\"async\" src=\"https:\/\/www.rotharia.com\/wp-content\/uploads\/2026\/03\/rotharia_image_20260313_8cb00d.jpg\" alt=\"Globale Steuerreformen f\u00fcr den Verm\u00f6genserhalt navigieren\"\/><div class=\"mzb-overlay\"><\/div><\/a><\/div><div class=\"mzb-post-content\"><h6 class=\"mzb-post-title\"><a href=\"https:\/\/www.rotharia.com\/de\/wealth-management\/global-wealth-planning\/navigating-global-tax-reforms-for-wealth-preservation\/\">Globale Steuerreformen f\u00fcr den Verm\u00f6genserhalt navigieren<\/a><\/h6><div class=\"mzb-post-entry-meta mzb-meta-separator--none\"><span class=\"mzb-post-date\"><svg class=\"mzb-icon mzb-icon--calender\" xmlns=\"http:\/\/www.w3.org\/2000\/svg\" viewbox=\"0 0 14 14\">\n                <path d=\"M1.892 12.929h10.214V5.5H1.892v7.429zm2.786-8.822v-2.09a.226.226 0 00-.066-.166.226.226 0 00-.166-.065H3.98a.226.226 0 00-.167.065.226.226 0 00-.065.167v2.09c0 .067.022.122.065.166.044.044.1.065.167.065h.465a.226.226 0 00.166-.065.226.226 0 00.066-.167zm5.571 0v-2.09a.226.226 0 00-.065-.166.226.226 0 00-.167-.065h-.464a.226.226 0 00-.167.065.226.226 0 00-.065.167v2.09c0 .067.021.122.065.166.043.044.099.065.167.065h.464a.226.226 0 00.167-.065.226.226 0 00.065-.167zm2.786-.464v9.286c0 .251-.092.469-.276.652a.892.892 0 01-.653.276H1.892a.892.892 0 01-.653-.275.892.892 0 01-.276-.653V3.643c0-.252.092-.47.276-.653a.892.892 0 01.653-.276h.929v-.696c0-.32.113-.593.34-.82.228-.227.501-.34.82-.34h.465c.319 0 .592.113.82.34.227.227.34.5.34.82v.696h2.786v-.696c0-.32.114-.593.34-.82.228-.227.501-.34.82-.34h.465c.32 0 .592.113.82.34.227.227.34.5.34.82v.696h.93c.25 0 .468.092.652.276a.892.892 0 01.276.653z\" \/>\n            <\/svg><a href=\"https:\/\/www.rotharia.com\/de\/wealth-management\/global-wealth-planning\/navigating-global-tax-reforms-for-wealth-preservation\/\">M\u00e4rz 15, 2026<\/a><\/span><\/div><\/div><\/div><div class=\"mzb-post mzb-post-box-border\"><div class=\"mzb-featured-image none\"><a href=\"https:\/\/www.rotharia.com\/de\/wealth-management\/uhnw-wealth-strategies\/the-rise-of-sustainable-investing-in-uhnw-portfolios-1f88b0\/\" title=\"Der Aufstieg des nachhaltigen Investierens in UHNW-Portfolios\"><img decoding=\"async\" src=\"https:\/\/www.rotharia.com\/wp-content\/uploads\/2026\/03\/rotharia_image_20260312_d0273b.jpg\" alt=\"Der Aufstieg des nachhaltigen Investierens in UHNW-Portfolios\"\/><div class=\"mzb-overlay\"><\/div><\/a><\/div><div class=\"mzb-post-content\"><h6 class=\"mzb-post-title\"><a href=\"https:\/\/www.rotharia.com\/de\/wealth-management\/uhnw-wealth-strategies\/the-rise-of-sustainable-investing-in-uhnw-portfolios-1f88b0\/\">Der Aufstieg des nachhaltigen Investierens in UHNW-Portfolios<\/a><\/h6><div class=\"mzb-post-entry-meta mzb-meta-separator--none\"><span class=\"mzb-post-date\"><svg class=\"mzb-icon mzb-icon--calender\" xmlns=\"http:\/\/www.w3.org\/2000\/svg\" viewbox=\"0 0 14 14\">\n                <path d=\"M1.892 12.929h10.214V5.5H1.892v7.429zm2.786-8.822v-2.09a.226.226 0 00-.066-.166.226.226 0 00-.166-.065H3.98a.226.226 0 00-.167.065.226.226 0 00-.065.167v2.09c0 .067.022.122.065.166.044.044.1.065.167.065h.465a.226.226 0 00.166-.065.226.226 0 00.066-.167zm5.571 0v-2.09a.226.226 0 00-.065-.166.226.226 0 00-.167-.065h-.464a.226.226 0 00-.167.065.226.226 0 00-.065.167v2.09c0 .067.021.122.065.166.043.044.099.065.167.065h.464a.226.226 0 00.167-.065.226.226 0 00.065-.167zm2.786-.464v9.286c0 .251-.092.469-.276.652a.892.892 0 01-.653.276H1.892a.892.892 0 01-.653-.275.892.892 0 01-.276-.653V3.643c0-.252.092-.47.276-.653a.892.892 0 01.653-.276h.929v-.696c0-.32.113-.593.34-.82.228-.227.501-.34.82-.34h.465c.319 0 .592.113.82.34.227.227.34.5.34.82v.696h2.786v-.696c0-.32.114-.593.34-.82.228-.227.501-.34.82-.34h.465c.32 0 .592.113.82.34.227.227.34.5.34.82v.696h.93c.25 0 .468.092.652.276a.892.892 0 01.276.653z\" \/>\n            <\/svg><a href=\"https:\/\/www.rotharia.com\/de\/wealth-management\/uhnw-wealth-strategies\/the-rise-of-sustainable-investing-in-uhnw-portfolios-1f88b0\/\">M\u00e4rz 15, 2026<\/a><\/span><\/div><\/div><\/div><div class=\"mzb-post mzb-post-box-border\"><div class=\"mzb-featured-image none\"><a href=\"https:\/\/www.rotharia.com\/de\/wealth-management\/wealth-preservation-in-2026-requires-prudence-and-global-insight\/\" title=\"Verm\u00f6genssicherung im Jahr 2026 erfordert Umsicht und globale Weitsicht\"><img decoding=\"async\" src=\"https:\/\/www.rotharia.com\/wp-content\/uploads\/2026\/01\/wealth-preservation.jpg\" alt=\"Verm\u00f6genssicherung im Jahr 2026 erfordert Umsicht und globale Weitsicht\"\/><div class=\"mzb-overlay\"><\/div><\/a><\/div><div class=\"mzb-post-content\"><h6 class=\"mzb-post-title\"><a href=\"https:\/\/www.rotharia.com\/de\/wealth-management\/wealth-preservation-in-2026-requires-prudence-and-global-insight\/\">Verm\u00f6genssicherung im Jahr 2026 erfordert Umsicht und globale Weitsicht<\/a><\/h6><div class=\"mzb-post-entry-meta mzb-meta-separator--none\"><span class=\"mzb-post-date\"><svg class=\"mzb-icon mzb-icon--calender\" xmlns=\"http:\/\/www.w3.org\/2000\/svg\" viewbox=\"0 0 14 14\">\n                <path d=\"M1.892 12.929h10.214V5.5H1.892v7.429zm2.786-8.822v-2.09a.226.226 0 00-.066-.166.226.226 0 00-.166-.065H3.98a.226.226 0 00-.167.065.226.226 0 00-.065.167v2.09c0 .067.022.122.065.166.044.044.1.065.167.065h.465a.226.226 0 00.166-.065.226.226 0 00.066-.167zm5.571 0v-2.09a.226.226 0 00-.065-.166.226.226 0 00-.167-.065h-.464a.226.226 0 00-.167.065.226.226 0 00-.065.167v2.09c0 .067.021.122.065.166.043.044.099.065.167.065h.464a.226.226 0 00.167-.065.226.226 0 00.065-.167zm2.786-.464v9.286c0 .251-.092.469-.276.652a.892.892 0 01-.653.276H1.892a.892.892 0 01-.653-.275.892.892 0 01-.276-.653V3.643c0-.252.092-.47.276-.653a.892.892 0 01.653-.276h.929v-.696c0-.32.113-.593.34-.82.228-.227.501-.34.82-.34h.465c.319 0 .592.113.82.34.227.227.34.5.34.82v.696h2.786v-.696c0-.32.114-.593.34-.82.228-.227.501-.34.82-.34h.465c.32 0 .592.113.82.34.227.227.34.5.34.82v.696h.93c.25 0 .468.092.652.276a.892.892 0 01.276.653z\" \/>\n            <\/svg><a href=\"https:\/\/www.rotharia.com\/de\/wealth-management\/wealth-preservation-in-2026-requires-prudence-and-global-insight\/\">4. Januar 2026<\/a><\/span><\/div><\/div><\/div><div class=\"mzb-post mzb-post-box-border\"><div class=\"mzb-featured-image none\"><a href=\"https:\/\/www.rotharia.com\/de\/wealth-management\/uhnw-wealth-strategies-require-sophisticated-planning-and-agility-in-2026\/\" title=\"Verm\u00f6gensstrategien f\u00fcr sehr verm\u00f6gende Privatpersonen erfordern 2026 eine ausgefeilte Planung und Flexibilit\u00e4t.\"><img decoding=\"async\" src=\"https:\/\/www.rotharia.com\/wp-content\/uploads\/2026\/01\/wealth-strategies.jpg\" alt=\"Verm\u00f6gensstrategien f\u00fcr sehr verm\u00f6gende Privatpersonen erfordern 2026 eine ausgefeilte Planung und Flexibilit\u00e4t.\"\/><div class=\"mzb-overlay\"><\/div><\/a><\/div><div class=\"mzb-post-content\"><h6 class=\"mzb-post-title\"><a href=\"https:\/\/www.rotharia.com\/de\/wealth-management\/uhnw-wealth-strategies-require-sophisticated-planning-and-agility-in-2026\/\">Verm\u00f6gensstrategien f\u00fcr sehr verm\u00f6gende Privatpersonen erfordern 2026 eine ausgefeilte Planung und Flexibilit\u00e4t.<\/a><\/h6><div class=\"mzb-post-entry-meta mzb-meta-separator--none\"><span class=\"mzb-post-date\"><svg class=\"mzb-icon mzb-icon--calender\" xmlns=\"http:\/\/www.w3.org\/2000\/svg\" viewbox=\"0 0 14 14\">\n                <path d=\"M1.892 12.929h10.214V5.5H1.892v7.429zm2.786-8.822v-2.09a.226.226 0 00-.066-.166.226.226 0 00-.166-.065H3.98a.226.226 0 00-.167.065.226.226 0 00-.065.167v2.09c0 .067.022.122.065.166.044.044.1.065.167.065h.465a.226.226 0 00.166-.065.226.226 0 00.066-.167zm5.571 0v-2.09a.226.226 0 00-.065-.166.226.226 0 00-.167-.065h-.464a.226.226 0 00-.167.065.226.226 0 00-.065.167v2.09c0 .067.021.122.065.166.043.044.099.065.167.065h.464a.226.226 0 00.167-.065.226.226 0 00.065-.167zm2.786-.464v9.286c0 .251-.092.469-.276.652a.892.892 0 01-.653.276H1.892a.892.892 0 01-.653-.275.892.892 0 01-.276-.653V3.643c0-.252.092-.47.276-.653a.892.892 0 01.653-.276h.929v-.696c0-.32.113-.593.34-.82.228-.227.501-.34.82-.34h.465c.319 0 .592.113.82.34.227.227.34.5.34.82v.696h2.786v-.696c0-.32.114-.593.34-.82.228-.227.501-.34.82-.34h.465c.32 0 .592.113.82.34.227.227.34.5.34.82v.696h.93c.25 0 .468.092.652.276a.892.892 0 01.276.653z\" \/>\n            <\/svg><a href=\"https:\/\/www.rotharia.com\/de\/wealth-management\/uhnw-wealth-strategies-require-sophisticated-planning-and-agility-in-2026\/\">4. Januar 2026<\/a><\/span><\/div><\/div><\/div><div class=\"mzb-post mzb-post-box-border\"><div class=\"mzb-featured-image none\"><a href=\"https:\/\/www.rotharia.com\/de\/wealth-management\/philanthropy-and-impact-are-becoming-central-to-wealth-management-in-2026\/\" title=\"Philanthropie und Wirkung werden 2026 zu zentralen Themen der Verm\u00f6gensverwaltung\"><img decoding=\"async\" src=\"https:\/\/www.rotharia.com\/wp-content\/uploads\/2026\/01\/philantrophy.jpg\" alt=\"Philanthropie und Wirkung werden 2026 zu zentralen Themen der Verm\u00f6gensverwaltung\"\/><div class=\"mzb-overlay\"><\/div><\/a><\/div><div class=\"mzb-post-content\"><h6 class=\"mzb-post-title\"><a href=\"https:\/\/www.rotharia.com\/de\/wealth-management\/philanthropy-and-impact-are-becoming-central-to-wealth-management-in-2026\/\">Philanthropie und Wirkung werden 2026 zu zentralen Themen der Verm\u00f6gensverwaltung<\/a><\/h6><div class=\"mzb-post-entry-meta mzb-meta-separator--none\"><span class=\"mzb-post-date\"><svg class=\"mzb-icon mzb-icon--calender\" xmlns=\"http:\/\/www.w3.org\/2000\/svg\" viewbox=\"0 0 14 14\">\n                <path d=\"M1.892 12.929h10.214V5.5H1.892v7.429zm2.786-8.822v-2.09a.226.226 0 00-.066-.166.226.226 0 00-.166-.065H3.98a.226.226 0 00-.167.065.226.226 0 00-.065.167v2.09c0 .067.022.122.065.166.044.044.1.065.167.065h.465a.226.226 0 00.166-.065.226.226 0 00.066-.167zm5.571 0v-2.09a.226.226 0 00-.065-.166.226.226 0 00-.167-.065h-.464a.226.226 0 00-.167.065.226.226 0 00-.065.167v2.09c0 .067.021.122.065.166.043.044.099.065.167.065h.464a.226.226 0 00.167-.065.226.226 0 00.065-.167zm2.786-.464v9.286c0 .251-.092.469-.276.652a.892.892 0 01-.653.276H1.892a.892.892 0 01-.653-.275.892.892 0 01-.276-.653V3.643c0-.252.092-.47.276-.653a.892.892 0 01.653-.276h.929v-.696c0-.32.113-.593.34-.82.228-.227.501-.34.82-.34h.465c.319 0 .592.113.82.34.227.227.34.5.34.82v.696h2.786v-.696c0-.32.114-.593.34-.82.228-.227.501-.34.82-.34h.465c.32 0 .592.113.82.34.227.227.34.5.34.82v.696h.93c.25 0 .468.092.652.276a.892.892 0 01.276.653z\" \/>\n            <\/svg><a href=\"https:\/\/www.rotharia.com\/de\/wealth-management\/philanthropy-and-impact-are-becoming-central-to-wealth-management-in-2026\/\">4. Januar 2026<\/a><\/span><\/div><\/div><\/div><div class=\"mzb-post mzb-post-box-border\"><div class=\"mzb-featured-image none\"><a href=\"https:\/\/www.rotharia.com\/de\/wealth-management\/multi-asset-allocation-in-2026-demands-balance-and-flexibility\/\" title=\"Die Multi-Asset-Allokation im Jahr 2026 erfordert Ausgewogenheit und Flexibilit\u00e4t\"><img decoding=\"async\" src=\"https:\/\/www.rotharia.com\/wp-content\/uploads\/2026\/01\/asset-allocation.jpg\" alt=\"Die Multi-Asset-Allokation im Jahr 2026 erfordert Ausgewogenheit und Flexibilit\u00e4t\"\/><div class=\"mzb-overlay\"><\/div><\/a><\/div><div class=\"mzb-post-content\"><h6 class=\"mzb-post-title\"><a href=\"https:\/\/www.rotharia.com\/de\/wealth-management\/multi-asset-allocation-in-2026-demands-balance-and-flexibility\/\">Die Multi-Asset-Allokation im Jahr 2026 erfordert Ausgewogenheit und Flexibilit\u00e4t<\/a><\/h6><div class=\"mzb-post-entry-meta mzb-meta-separator--none\"><span class=\"mzb-post-date\"><svg class=\"mzb-icon mzb-icon--calender\" xmlns=\"http:\/\/www.w3.org\/2000\/svg\" viewbox=\"0 0 14 14\">\n                <path d=\"M1.892 12.929h10.214V5.5H1.892v7.429zm2.786-8.822v-2.09a.226.226 0 00-.066-.166.226.226 0 00-.166-.065H3.98a.226.226 0 00-.167.065.226.226 0 00-.065.167v2.09c0 .067.022.122.065.166.044.044.1.065.167.065h.465a.226.226 0 00.166-.065.226.226 0 00.066-.167zm5.571 0v-2.09a.226.226 0 00-.065-.166.226.226 0 00-.167-.065h-.464a.226.226 0 00-.167.065.226.226 0 00-.065.167v2.09c0 .067.021.122.065.166.043.044.099.065.167.065h.464a.226.226 0 00.167-.065.226.226 0 00.065-.167zm2.786-.464v9.286c0 .251-.092.469-.276.652a.892.892 0 01-.653.276H1.892a.892.892 0 01-.653-.275.892.892 0 01-.276-.653V3.643c0-.252.092-.47.276-.653a.892.892 0 01.653-.276h.929v-.696c0-.32.113-.593.34-.82.228-.227.501-.34.82-.34h.465c.319 0 .592.113.82.34.227.227.34.5.34.82v.696h2.786v-.696c0-.32.114-.593.34-.82.228-.227.501-.34.82-.34h.465c.32 0 .592.113.82.34.227.227.34.5.34.82v.696h.93c.25 0 .468.092.652.276a.892.892 0 01.276.653z\" \/>\n            <\/svg><a href=\"https:\/\/www.rotharia.com\/de\/wealth-management\/multi-asset-allocation-in-2026-demands-balance-and-flexibility\/\">4. Januar 2026<\/a><\/span><\/div><\/div><\/div><\/div><\/div>\n\n\n<div class=\"mzb-section mzb-section-e598e28c\"><div class=\"mzb-container\"><div class=\"mzb-section-inner is-horizontal justify-center align-center\">\n<div class=\"mzb-column mzb-column-7f66c4b3\"><div class=\"mzb-column-inner\">\n<div class=\"mzb-section mzb-section-a7c0d788\"><div class=\"mzb-container\"><div class=\"mzb-section-inner is-horizontal justify-center align-center\">\n<div class=\"mzb-column mzb-column-329ab392\"><div class=\"mzb-column-inner\">\n<div class=\"mzb-section mzb-section-cf1ed24e\"><div class=\"mzb-container\"><div class=\"mzb-section-inner is-horizontal justify-center align-center\">\n<div class=\"mzb-column mzb-column-8b9990c5\"><div class=\"mzb-column-inner\"><\/div><\/div>\n\n\n\n<div class=\"mzb-column mzb-column-94aef6c7\"><div class=\"mzb-column-inner\"><\/div><\/div>\n<\/div><\/div><\/div>\n<\/div><\/div>\n<\/div><\/div><\/div>\n<\/div><\/div>\n<\/div><\/div><\/div>\n\n\n\n<div class=\"mzb-section mzb-section-5654f108\"><div class=\"mzb-container\"><div class=\"mzb-section-inner is-horizontal justify-center align-center\">\n<div class=\"mzb-column mzb-column-531fffeb\"><div class=\"mzb-column-inner\"><\/div><\/div>\n<\/div><\/div><\/div>\n\n\n\n<p><\/p>","protected":false},"excerpt":{"rendered":"","protected":false},"author":1,"featured_media":0,"parent":0,"menu_order":0,"comment_status":"closed","ping_status":"open","template":"page-templates\/page-builder.php","meta":{"colormag_page_container_layout":"default_layout","colormag_page_sidebar_layout":"default_layout","footnotes":""},"class_list":["post-16","page","type-page","status-publish","hentry"],"magazineBlocksPostFeaturedMedia":{"thumbnail":false,"medium":false,"medium_large":false,"large":false,"1536x1536":false,"2048x2048":false,"trp-custom-language-flag":false,"colormag-highlighted-post":false,"colormag-featured-post-medium":false,"colormag-featured-post-small":false,"colormag-featured-image":false,"colormag-default-news":false,"colormag-featured-image-large":false},"magazineBlocksPostAuthor":{"name":"Rotharia","avatar":"https:\/\/secure.gravatar.com\/avatar\/1f71a3f51d991ba8e1f56b75fbce7c26ec22b4bdc7af3cc6235ab4dbb53f8013?s=96&d=mm&r=g"},"magazineBlocksPostCommentsNumber":false,"magazineBlocksPostExcerpt":"","magazineBlocksPostCategories":[],"magazineBlocksPostViewCount":0,"magazineBlocksPostReadTime":0,"yoast_head":"<!-- This site is optimized with the Yoast SEO plugin v27.1.1 - https:\/\/yoast.com\/product\/yoast-seo-wordpress\/ -->\n<title>Home - Global Wealth, Family Offices &amp; Capital Intelligence Insight Platform<\/title>\n<meta name=\"robots\" content=\"index, follow, max-snippet:-1, max-image-preview:large, max-video-preview:-1\" \/>\n<link rel=\"canonical\" href=\"http:\/\/www.rotharia.com\/de\/\" \/>\n<meta property=\"og:locale\" content=\"de_DE\" \/>\n<meta property=\"og:type\" content=\"article\" \/>\n<meta property=\"og:title\" content=\"Home - Global Wealth, Family Offices &amp; Capital Intelligence Insight Platform\" \/>\n<meta property=\"og:url\" content=\"http:\/\/www.rotharia.com\/de\/\" \/>\n<meta property=\"og:site_name\" content=\"Global Wealth, Family Offices &amp; Capital Intelligence Insight Platform\" \/>\n<meta property=\"article:modified_time\" content=\"2026-03-13T17:49:56+00:00\" \/>\n<meta name=\"twitter:card\" content=\"summary_large_image\" \/>\n<script type=\"application\/ld+json\" class=\"yoast-schema-graph\">{\"@context\":\"https:\/\/schema.org\",\"@graph\":[{\"@type\":\"WebPage\",\"@id\":\"http:\/\/www.rotharia.com\/\",\"url\":\"http:\/\/www.rotharia.com\/\",\"name\":\"Home - Global Wealth, Family Offices &amp; Capital Intelligence Insight Platform\",\"isPartOf\":{\"@id\":\"http:\/\/www.rotharia.com\/#website\"},\"datePublished\":\"2015-07-29T13:44:44+00:00\",\"dateModified\":\"2026-03-13T17:49:56+00:00\",\"breadcrumb\":{\"@id\":\"http:\/\/www.rotharia.com\/#breadcrumb\"},\"inLanguage\":\"de\",\"potentialAction\":[{\"@type\":\"ReadAction\",\"target\":[\"http:\/\/www.rotharia.com\/\"]}]},{\"@type\":\"BreadcrumbList\",\"@id\":\"http:\/\/www.rotharia.com\/#breadcrumb\",\"itemListElement\":[{\"@type\":\"ListItem\",\"position\":1,\"name\":\"Home\",\"item\":\"http:\/\/www.rotharia.com\/\"},{\"@type\":\"ListItem\",\"position\":2,\"name\":\"Home\"}]},{\"@type\":\"WebSite\",\"@id\":\"http:\/\/www.rotharia.com\/#website\",\"url\":\"http:\/\/www.rotharia.com\/\",\"name\":\"Global Wealth, Family Offices &amp; Capital Intelligence Insight Platform\",\"description\":\"Rotharia is a premier global platform dedicated to wealth management, family offices, private capital, and the technologies shaping how ultra-high-net-worth individuals preserve, grow, and govern wealth across generations.\",\"publisher\":{\"@id\":\"http:\/\/www.rotharia.com\/#organization\"},\"potentialAction\":[{\"@type\":\"SearchAction\",\"target\":{\"@type\":\"EntryPoint\",\"urlTemplate\":\"http:\/\/www.rotharia.com\/?s={search_term_string}\"},\"query-input\":{\"@type\":\"PropertyValueSpecification\",\"valueRequired\":true,\"valueName\":\"search_term_string\"}}],\"inLanguage\":\"de\"},{\"@type\":\"Organization\",\"@id\":\"http:\/\/www.rotharia.com\/#organization\",\"name\":\"Global Wealth, Family Offices &amp; Capital Intelligence Insight Platform\",\"url\":\"http:\/\/www.rotharia.com\/\",\"logo\":{\"@type\":\"ImageObject\",\"inLanguage\":\"de\",\"@id\":\"http:\/\/www.rotharia.com\/#\/schema\/logo\/image\/\",\"url\":\"https:\/\/www.rotharia.com\/wp-content\/uploads\/2026\/03\/cropped-rotharia.png\",\"contentUrl\":\"https:\/\/www.rotharia.com\/wp-content\/uploads\/2026\/03\/cropped-rotharia.png\",\"width\":250,\"height\":57,\"caption\":\"Global Wealth, Family Offices &amp; Capital Intelligence Insight Platform\"},\"image\":{\"@id\":\"http:\/\/www.rotharia.com\/#\/schema\/logo\/image\/\"}}]}<\/script>\n<!-- \/ Yoast SEO plugin. -->","yoast_head_json":{"title":"Startseite - Global Wealth, Family Offices &amp; Capital Intelligence Einblicksplattform","robots":{"index":"index","follow":"follow","max-snippet":"max-snippet:-1","max-image-preview":"max-image-preview:large","max-video-preview":"max-video-preview:-1"},"canonical":"http:\/\/www.rotharia.com\/de\/","og_locale":"de_DE","og_type":"article","og_title":"Home - Global Wealth, Family Offices &amp; Capital Intelligence Insight Platform","og_url":"http:\/\/www.rotharia.com\/de\/","og_site_name":"Global Wealth, Family Offices &amp; Capital Intelligence Insight Platform","article_modified_time":"2026-03-13T17:49:56+00:00","twitter_card":"summary_large_image","schema":{"@context":"https:\/\/schema.org","@graph":[{"@type":"WebPage","@id":"http:\/\/www.rotharia.com\/","url":"http:\/\/www.rotharia.com\/","name":"Startseite - Global Wealth, Family Offices &amp; Capital Intelligence Einblicksplattform","isPartOf":{"@id":"http:\/\/www.rotharia.com\/#website"},"datePublished":"2015-07-29T13:44:44+00:00","dateModified":"2026-03-13T17:49:56+00:00","breadcrumb":{"@id":"http:\/\/www.rotharia.com\/#breadcrumb"},"inLanguage":"de","potentialAction":[{"@type":"ReadAction","target":["http:\/\/www.rotharia.com\/"]}]},{"@type":"BreadcrumbList","@id":"http:\/\/www.rotharia.com\/#breadcrumb","itemListElement":[{"@type":"ListItem","position":1,"name":"Home","item":"http:\/\/www.rotharia.com\/"},{"@type":"ListItem","position":2,"name":"Home"}]},{"@type":"WebSite","@id":"http:\/\/www.rotharia.com\/#website","url":"http:\/\/www.rotharia.com\/","name":"Global Wealth, Family Offices &amp; Capital Intelligence Insight Plattform","description":"Rotharia ist eine f\u00fchrende globale Plattform, die sich mit Verm\u00f6gensverwaltung, Family Offices, Privatkapital und den Technologien besch\u00e4ftigt, die die Art und Weise beeinflussen, wie sehr verm\u00f6gende Privatpersonen ihr Verm\u00f6gen \u00fcber Generationen hinweg erhalten, vermehren und verwalten.","publisher":{"@id":"http:\/\/www.rotharia.com\/#organization"},"potentialAction":[{"@type":"SearchAction","target":{"@type":"EntryPoint","urlTemplate":"http:\/\/www.rotharia.com\/?s={search_term_string}"},"query-input":{"@type":"PropertyValueSpecification","valueRequired":true,"valueName":"search_term_string"}}],"inLanguage":"de"},{"@type":"Organization","@id":"http:\/\/www.rotharia.com\/#organization","name":"Global Wealth, Family Offices &amp; Capital Intelligence Insight Plattform","url":"http:\/\/www.rotharia.com\/","logo":{"@type":"ImageObject","inLanguage":"de","@id":"http:\/\/www.rotharia.com\/#\/schema\/logo\/image\/","url":"https:\/\/www.rotharia.com\/wp-content\/uploads\/2026\/03\/cropped-rotharia.png","contentUrl":"https:\/\/www.rotharia.com\/wp-content\/uploads\/2026\/03\/cropped-rotharia.png","width":250,"height":57,"caption":"Global Wealth, Family Offices &amp; Capital Intelligence Insight Platform"},"image":{"@id":"http:\/\/www.rotharia.com\/#\/schema\/logo\/image\/"}}]}},"_links":{"self":[{"href":"https:\/\/www.rotharia.com\/de\/wp-json\/wp\/v2\/pages\/16","targetHints":{"allow":["GET"]}}],"collection":[{"href":"https:\/\/www.rotharia.com\/de\/wp-json\/wp\/v2\/pages"}],"about":[{"href":"https:\/\/www.rotharia.com\/de\/wp-json\/wp\/v2\/types\/page"}],"author":[{"embeddable":true,"href":"https:\/\/www.rotharia.com\/de\/wp-json\/wp\/v2\/users\/1"}],"replies":[{"embeddable":true,"href":"https:\/\/www.rotharia.com\/de\/wp-json\/wp\/v2\/comments?post=16"}],"version-history":[{"count":28,"href":"https:\/\/www.rotharia.com\/de\/wp-json\/wp\/v2\/pages\/16\/revisions"}],"predecessor-version":[{"id":523,"href":"https:\/\/www.rotharia.com\/de\/wp-json\/wp\/v2\/pages\/16\/revisions\/523"}],"wp:attachment":[{"href":"https:\/\/www.rotharia.com\/de\/wp-json\/wp\/v2\/media?parent=16"}],"curies":[{"name":"wp","href":"https:\/\/api.w.org\/{rel}","templated":true}]}}